{"id":1225,"date":"2017-11-15T15:41:30","date_gmt":"2017-11-15T15:41:30","guid":{"rendered":"http:\/\/quintadator.com\/?page_id=1225"},"modified":"2026-01-19T17:25:39","modified_gmt":"2026-01-19T17:25:39","slug":"contactos","status":"publish","type":"page","link":"https:\/\/quintadator.com\/?page_id=1225","title":{"rendered":"Contactos"},"content":{"rendered":"<section class=\"l-section wpb_row height_large with_img parallax_hor bgwidth_130\"><div class=\"l-section-img\" role=\"img\" aria-label=\"Imagem\" data-img-width=\"3000\" data-img-height=\"1744\" style=\"background-image: url(https:\/\/quintadator.com\/wp-content\/uploads\/2015\/04\/vinha2.jpg);background-repeat: no-repeat;\"><\/div><div class=\"l-section-h i-cf\"><div class=\"g-cols vc_row via_flex valign_top type_default stacking_default\"><div class=\"vc_col-sm-12 wpb_column vc_column_container\"><div class=\"vc_column-inner\"><div class=\"wpb_wrapper\"><div class=\"wpb_text_column\"><div class=\"wpb_wrapper\"><h2 style=\"text-align: center;\"><span style=\"color: #ffffff;\"><strong>Contacts<\/strong><\/span><\/h2>\n<\/div><\/div><\/div><\/div><\/div><\/div><\/div><\/section><section class=\"l-section wpb_row us_custom_1f64da91 height_medium width_full\"><div class=\"l-section-h i-cf\"><div class=\"g-cols vc_row via_flex valign_top type_default stacking_default\"><div class=\"vc_col-sm-12 wpb_column vc_column_container\"><div class=\"vc_column-inner\"><div class=\"wpb_wrapper\"><div class=\"w-separator size_small with_line width_30 thick_1 style_solid color_border align_center with_content\"><div class=\"w-separator-h\"><i class=\"fas fa-car\"><\/i><\/div><\/div><div class=\"wpb_text_column\"><div class=\"wpb_wrapper\"><p><strong><div id=\"lmm_6a3e306c\" style=\"width:100%;\" class=\"mapsmarker \">\n<div id=\"lmm_map_6a3e306c\" class=\"lmm-map\" style=\"background:#f6f6f6;border:1px solid #ccc;height:480px; overflow:hidden;padding:0;\"><p style=\"font-size:80%;color:#9f9e9e;margin-left:5px;\">loading map - please wait...<noscript><br\/><strong>Map could not be loaded - please enable Javascript!<\/strong><br\/><a style=\"text-decoration:none;\" href=\"https:\/\/www.mapsmarker.com\/js-disabled\" target=\"_blank\">&rarr; more information<\/a><\/noscript><\/p><\/div>\n<div id=\"lmm_geo_tags_6a3e306c\" class=\"lmm-geo-tags geo\">\n<span class=\"latitude\">37.184105<\/span>, <span class=\"longitude\">-8.025052<\/span>\n<\/div>\n<\/div><\/strong><\/p>\n<\/div><\/div><div class=\"w-separator size_small with_line width_30 thick_1 style_solid color_border align_center with_content\"><div class=\"w-separator-h\"><i class=\"fas fa-car\"><\/i><\/div><\/div><div class=\"w-actionbox color_primary controls_bottom\"><div class=\"w-actionbox-text\"><h2 class=\"w-actionbox-title\" style=\"font-size:35\">Visite-nos!<\/h2><\/div><div class=\"w-actionbox-controls\"><a class=\"w-btn us-btn-style_3\" target=\" _blank\" rel=\"nofollow\" href=\"https:\/\/www.google.pt\/maps\/dir\/\/Quinta+da+T\u00f4r,+EM525+9,+Loul\u00e9\/@37.184123,-8.0272455,900m\/data=!3m1!1e3!4m15!1m6!3m5!1s0xd1ab0bd672a485d:0xb0f9aa7cbba88c3!2sQuinta+da+T\u00f4r!8m2!3d37.1841187!4d-8.0250568!4m7!1m0!1m5!1m1!1s0xd1ab0bd672a485d:0xb0f9aa7cbba88c3!2m2!1d-8.0250568!2d37.1841187?hl=pt-PT\"><span class=\"w-btn-label\">Dire\u00e7\u00f5es<\/span><\/a><a class=\"w-btn us-btn-style_3\" title=\"Map\" target=\" _blank\" rel=\"nofollow\" href=\"http:\/\/quintadator.com\/wp-content\/uploads\/2018\/01\/Mapa.jpg\"><span class=\"w-btn-label\">Mapa Esquem\u00e1tico<\/span><\/a><\/div><\/div><\/div><\/div><\/div><\/div><\/div><\/section><section class=\"l-section wpb_row us_custom_bf81054c height_medium\"><div class=\"l-section-h i-cf\"><div class=\"g-cols vc_row via_flex valign_top type_default stacking_default\"><div class=\"vc_col-sm-4 wpb_column vc_column_container\"><div class=\"vc_column-inner\"><div class=\"wpb_wrapper\"><div class=\"wpb_text_column us_custom_c45ec09c\"><div class=\"wpb_wrapper\"><h3>Social Networks<\/h3>\n<\/div><\/div><div class=\"w-socials us_custom_a5c88937 color_brand shape_circle style_outlined hover_fade\" style=\"--gap:0.1em;\"><div class=\"w-socials-list\"><div class=\"w-socials-item facebook\"><a target=\"_blank\" rel=\"nofollow\" href=\"https:\/\/www.facebook.com\/quintadator\" class=\"w-socials-item-link\" aria-label=\"Facebook\"><span class=\"w-socials-item-link-hover\"><\/span><i class=\"fab fa-facebook\"><\/i><\/a><div class=\"w-socials-item-popup\"><span>Facebook<\/span><\/div><\/div><div class=\"w-socials-item instagram\"><a target=\"_blank\" rel=\"nofollow\" href=\"www.instagram.com\/quintadator\/\" class=\"w-socials-item-link\" aria-label=\"Instagram\"><span class=\"w-socials-item-link-hover\"><\/span><i class=\"fab fa-instagram\"><\/i><\/a><div class=\"w-socials-item-popup\"><span>Instagram<\/span><\/div><\/div><div class=\"w-socials-item tripadvisor\"><a target=\"_blank\" rel=\"nofollow\" href=\"https:\/\/www.tripadvisor.pt\/Attraction_Review-g189118-d13100246-Reviews-Quinta_da_Tor-Loule_Faro_District_Algarve.html\" class=\"w-socials-item-link\" aria-label=\"Tripadvisor\"><span class=\"w-socials-item-link-hover\"><\/span><i class=\"fas fa-plane\"><\/i><\/a><div class=\"w-socials-item-popup\"><span>Tripadvisor<\/span><\/div><\/div><\/div><\/div><div class=\"wpb_text_column us_custom_2ae65f69\"><div class=\"wpb_wrapper\"><h3>Contactos<\/h3>\n<\/div><\/div><div class=\"w-iconbox ictext iconpos_left style_outlined color_primary align_left\"><div class=\"w-iconbox-icon\" style=\"font-size:20px;\"><i class=\"fas fa-map-marker-alt\"><\/i><\/div><div class=\"w-iconbox-meta\"><h4 class=\"w-iconbox-title\" style=\"font-size:15px;\">Quinta da T\u00f4r &#8211; Adega, loja, visitas e provas de vinho<\/h4><div class=\"w-iconbox-text\"><p>Estrada EM525, Aldeia da T\u00f4r, Morgado da T\u00f4r, 8100-397 Loul\u00e9 37.1841187,-8.0272455<\/p>\n<\/div><\/div><\/div><div class=\"wpb_text_column us_custom_b2452879 ictext\"><div class=\"wpb_wrapper\"><p><strong>Hor\u00e1rios Quinta da T\u00f4r: everyday <\/strong>10h- 19h<\/p>\n<p><b><span style=\"color: #e95095;\">F\u00e9rias\/fechados:<\/span> 24\/25 Dezembro;31 Dezembro; 1-8 Janeiro<\/b><\/p>\n<\/div><\/div><div class=\"w-iconbox ictext iconpos_left style_outlined color_primary align_left\"><div class=\"w-iconbox-icon\" style=\"font-size:20px;\"><i class=\"fas fa-map-marker-alt\"><\/i><\/div><div class=\"w-iconbox-meta\"><h4 class=\"w-iconbox-title\" style=\"font-size:15px;\">Sede &#8211; Turinox LDA &#8211; Armaz\u00e9m<\/h4><div class=\"w-iconbox-text\"><p>Zona Industrial de Loul\u00e9 Lote 28, 8100-272, Loul\u00e9<\/p>\n<\/div><\/div><\/div><div class=\"wpb_text_column us_custom_b2452879 ictext\"><div class=\"wpb_wrapper\"><p id=\"tw-target-text\" class=\"tw-data-text tw-ta tw-text-small\" dir=\"ltr\" data-placeholder=\"Translation\"><span lang=\"en\">Armaz\u00e9m: Segunda- Quinta (9:00h at\u00e9 18:00h, 13h-14h fechados para almo\u00e7o), Sexta (8:00h to 13:00h) Tamb\u00e9m pode comprar vinho Quinta da T\u00f4r nesta localiza\u00e7\u00e3o.<\/span><\/p>\n<\/div><\/div><div class=\"w-iconbox iconpos_left style_outlined color_primary align_left no_title\"><div class=\"w-iconbox-icon\" style=\"font-size:20px;\"><i class=\"fas fa-phone\"><\/i><\/div><div class=\"w-iconbox-meta\"><div class=\"w-iconbox-text\"><p>+351 968 427 271 (Whatsapp tamb\u00e9m disponivel)<\/p>\n<\/div><\/div><\/div><div class=\"w-separator size_small\"><\/div><div class=\"w-separator size_small\"><\/div><div class=\"w-iconbox iconpos_left style_outlined color_primary align_left no_text\"><div class=\"w-iconbox-icon\" style=\"font-size:20px;\"><i class=\"fas fa-envelope\"><\/i><\/div><div class=\"w-iconbox-meta\"><h4 class=\"w-iconbox-title\" style=\"font-size:15px;\">geral@quintadator.com<\/h4><\/div><\/div><\/div><\/div><\/div><div class=\"vc_col-sm-8 wpb_column vc_column_container\"><div class=\"vc_column-inner\"><div class=\"wpb_wrapper\"><div class=\"wpb_text_column\"><div class=\"wpb_wrapper\"><h3>Contacte-nos<\/h3>\n<\/div><\/div>\n<div class=\"wpcf7 no-js\" id=\"wpcf7-f11-o1\" lang=\"pt-PT\" dir=\"ltr\" data-wpcf7-id=\"11\">\n<div class=\"screen-reader-response\"><p role=\"status\" aria-live=\"polite\" aria-atomic=\"true\"><\/p> <ul><\/ul><\/div>\n<form action=\"\/index.php?rest_route=%2Fwp%2Fv2%2Fpages%2F1225#wpcf7-f11-o1\" method=\"post\" class=\"wpcf7-form init\" aria-label=\"Formul\u00e1rio de contacto\" novalidate=\"novalidate\" data-status=\"init\">\n<fieldset class=\"hidden-fields-container\"><input type=\"hidden\" name=\"_wpcf7\" value=\"11\" \/><input type=\"hidden\" name=\"_wpcf7_version\" value=\"6.1.4\" \/><input type=\"hidden\" name=\"_wpcf7_locale\" value=\"pt_PT\" \/><input type=\"hidden\" name=\"_wpcf7_unit_tag\" value=\"wpcf7-f11-o1\" \/><input type=\"hidden\" name=\"_wpcf7_container_post\" value=\"0\" \/><input type=\"hidden\" name=\"_wpcf7_posted_data_hash\" value=\"\" \/><input type=\"hidden\" name=\"_wpcf7cf_hidden_group_fields\" value=\"[]\" \/><input type=\"hidden\" name=\"_wpcf7cf_hidden_groups\" value=\"[]\" \/><input type=\"hidden\" name=\"_wpcf7cf_visible_groups\" value=\"[]\" \/><input type=\"hidden\" name=\"_wpcf7cf_repeaters\" value=\"[]\" \/><input type=\"hidden\" name=\"_wpcf7cf_steps\" value=\"{}\" \/><input type=\"hidden\" name=\"_wpcf7cf_options\" value=\"{&quot;form_id&quot;:11,&quot;conditions&quot;:[],&quot;settings&quot;:{&quot;animation&quot;:&quot;yes&quot;,&quot;animation_intime&quot;:200,&quot;animation_outtime&quot;:200,&quot;conditions_ui&quot;:&quot;normal&quot;,&quot;notice_dismissed&quot;:false}}\" \/>\n<\/fieldset>\n<p>O seu nome | Your name (obrigat\u00f3rio | required)\n<\/p>\n<p><span class=\"wpcf7-form-control-wrap\" data-name=\"your-name\"><input size=\"40\" maxlength=\"400\" class=\"wpcf7-form-control wpcf7-text wpcf7-validates-as-required\" aria-required=\"true\" aria-invalid=\"false\" value=\"\" type=\"text\" name=\"your-name\" \/><\/span>\n<\/p>\n<p>O seu email | Your email (obrigat\u00f3rio | required)\n<\/p>\n<p><span class=\"wpcf7-form-control-wrap\" data-name=\"your-email\"><input size=\"40\" maxlength=\"400\" class=\"wpcf7-form-control wpcf7-email wpcf7-validates-as-required wpcf7-text wpcf7-validates-as-email\" aria-required=\"true\" aria-invalid=\"false\" value=\"\" type=\"email\" name=\"your-email\" \/><\/span>\n<\/p>\n<p>O seu telem\u00f3vel | Your mobile phone (obrigat\u00f3rio | required)\n<\/p>\n<p><span class=\"wpcf7-form-control-wrap\" data-name=\"tel-383\"><input size=\"40\" maxlength=\"400\" class=\"wpcf7-form-control wpcf7-tel wpcf7-validates-as-required wpcf7-text wpcf7-validates-as-tel\" aria-required=\"true\" aria-invalid=\"false\" value=\"\" type=\"tel\" name=\"tel-383\" \/><\/span>\n<\/p>\n<p>A sua mensagem | Message\n<\/p>\n<p><span class=\"wpcf7-form-control-wrap\" data-name=\"your-message\"><textarea cols=\"40\" rows=\"10\" maxlength=\"2000\" class=\"wpcf7-form-control wpcf7-textarea\" aria-invalid=\"false\" name=\"your-message\"><\/textarea><\/span>\n<\/p>\n<p>Insira o c\u00f3digo anti spam por favor | Anti-Spam Code (obrigat\u00f3rio | required)\n<\/p>\n<p><input type=\"hidden\" name=\"_wpcf7_captcha_challenge_captcha-865\" value=\"110732147\" \/><img loading=\"lazy\" decoding=\"async\" class=\"wpcf7-form-control wpcf7-captchac wpcf7-captcha-captcha-865\" width=\"72\" height=\"24\" alt=\"captcha\" src=\"https:\/\/quintadator.com\/wp-content\/uploads\/wpcf7_captcha\/110732147.png\" \/><span class=\"wpcf7-form-control-wrap\" data-name=\"captcha-865\"><input size=\"40\" class=\"wpcf7-form-control wpcf7-captchar\" autocomplete=\"off\" aria-invalid=\"false\" value=\"\" type=\"text\" name=\"captcha-865\" \/><\/span>\n<\/p>\n<p><input class=\"wpcf7-form-control wpcf7-submit has-spinner\" type=\"submit\" value=\"Enviar-Send\" \/>\n<\/p><div class=\"wpcf7-response-output\" aria-hidden=\"true\"><\/div>\n<\/form>\n<\/div>\n<\/div><\/div><\/div><\/div><\/div><\/section>","protected":false},"excerpt":{"rendered":"Contacts loading map - please wait...Map could not be loaded - please enable Javascript!&rarr; more information 37.184105, -8.025052 Visite-nos!Dire\u00e7\u00f5esMapa Esquem\u00e1ticoSocial Networks FacebookInstagramTripadvisorContactos Quinta da T\u00f4r &#8211; Adega, loja, visitas e provas de vinhoEstrada EM525, Aldeia da T\u00f4r, Morgado da T\u00f4r, 8100-397 Loul\u00e9 37.1841187,-8.0272455 Hor\u00e1rios Quinta da T\u00f4r: everyday 10h- 19h F\u00e9rias\/fechados: 24\/25 Dezembro;31 Dezembro; 1-8...","protected":false},"author":1,"featured_media":0,"parent":0,"menu_order":0,"comment_status":"closed","ping_status":"closed","template":"","meta":{"footnotes":""},"class_list":["post-1225","page","type-page","status-publish","hentry"],"yoast_head":"<!-- This site is optimized with the Yoast SEO plugin v26.5 - https:\/\/yoast.com\/wordpress\/plugins\/seo\/ -->\n<title>Contactos | Quinta da T\u00f4r<\/title>\n<meta name=\"robots\" content=\"index, follow, max-snippet:-1, max-image-preview:large, max-video-preview:-1\" \/>\n<link rel=\"canonical\" href=\"https:\/\/quintadator.com\/?page_id=1225\" \/>\n<meta property=\"og:locale\" content=\"pt_PT\" \/>\n<meta property=\"og:type\" content=\"article\" \/>\n<meta property=\"og:title\" content=\"Contactos | Quinta da T\u00f4r\" \/>\n<meta property=\"og:url\" content=\"https:\/\/quintadator.com\/?page_id=1225\" \/>\n<meta property=\"og:site_name\" content=\"Quinta da T\u00f4r\" \/>\n<meta property=\"article:publisher\" content=\"https:\/\/www.facebook.com\/quintadator\/\" \/>\n<meta property=\"article:modified_time\" content=\"2026-01-19T17:25:39+00:00\" \/>\n<meta property=\"og:image\" content=\"https:\/\/quintadator.com\/wp-content\/uploads\/2015\/04\/logowebtransp2.png\" \/>\n\t<meta property=\"og:image:width\" content=\"460\" \/>\n\t<meta property=\"og:image:height\" content=\"500\" \/>\n\t<meta property=\"og:image:type\" content=\"image\/png\" \/>\n<meta name=\"twitter:card\" content=\"summary_large_image\" \/>\n<meta name=\"twitter:label1\" content=\"Tempo estimado de leitura\" \/>\n\t<meta name=\"twitter:data1\" content=\"1 minuto\" \/>\n<script type=\"application\/ld+json\" class=\"yoast-schema-graph\">{\"@context\":\"https:\/\/schema.org\",\"@graph\":[{\"@type\":\"WebPage\",\"@id\":\"https:\/\/quintadator.com\/?page_id=1225\",\"url\":\"https:\/\/quintadator.com\/?page_id=1225\",\"name\":\"Contactos | Quinta da T\u00f4r\",\"isPartOf\":{\"@id\":\"https:\/\/quintadator.com\/#website\"},\"datePublished\":\"2017-11-15T15:41:30+00:00\",\"dateModified\":\"2026-01-19T17:25:39+00:00\",\"breadcrumb\":{\"@id\":\"https:\/\/quintadator.com\/?page_id=1225#breadcrumb\"},\"inLanguage\":\"pt-PT\",\"potentialAction\":[{\"@type\":\"ReadAction\",\"target\":[\"https:\/\/quintadator.com\/?page_id=1225\"]}]},{\"@type\":\"BreadcrumbList\",\"@id\":\"https:\/\/quintadator.com\/?page_id=1225#breadcrumb\",\"itemListElement\":[{\"@type\":\"ListItem\",\"position\":1,\"name\":\"In\u00edcio\",\"item\":\"https:\/\/quintadator.com\/\"},{\"@type\":\"ListItem\",\"position\":2,\"name\":\"Contactos\"}]},{\"@type\":\"WebSite\",\"@id\":\"https:\/\/quintadator.com\/#website\",\"url\":\"https:\/\/quintadator.com\/\",\"name\":\"Quinta da T\u00f4r\",\"description\":\"Vinho Regional Algarve\",\"publisher\":{\"@id\":\"https:\/\/quintadator.com\/#organization\"},\"potentialAction\":[{\"@type\":\"SearchAction\",\"target\":{\"@type\":\"EntryPoint\",\"urlTemplate\":\"https:\/\/quintadator.com\/?s={search_term_string}\"},\"query-input\":{\"@type\":\"PropertyValueSpecification\",\"valueRequired\":true,\"valueName\":\"search_term_string\"}}],\"inLanguage\":\"pt-PT\"},{\"@type\":\"Organization\",\"@id\":\"https:\/\/quintadator.com\/#organization\",\"name\":\"Quinta da T\u00f4r\",\"url\":\"https:\/\/quintadator.com\/\",\"logo\":{\"@type\":\"ImageObject\",\"inLanguage\":\"pt-PT\",\"@id\":\"https:\/\/quintadator.com\/#\/schema\/logo\/image\/\",\"url\":\"http:\/\/quintadator.com\/wp-content\/uploads\/2015\/04\/logowebtransp2.png\",\"contentUrl\":\"http:\/\/quintadator.com\/wp-content\/uploads\/2015\/04\/logowebtransp2.png\",\"width\":460,\"height\":500,\"caption\":\"Quinta da T\u00f4r\"},\"image\":{\"@id\":\"https:\/\/quintadator.com\/#\/schema\/logo\/image\/\"},\"sameAs\":[\"https:\/\/www.facebook.com\/quintadator\/\"]}]}<\/script>\n<!-- \/ Yoast SEO plugin. -->","yoast_head_json":{"title":"Contactos | Quinta da T\u00f4r","robots":{"index":"index","follow":"follow","max-snippet":"max-snippet:-1","max-image-preview":"max-image-preview:large","max-video-preview":"max-video-preview:-1"},"canonical":"https:\/\/quintadator.com\/?page_id=1225","og_locale":"pt_PT","og_type":"article","og_title":"Contactos | Quinta da T\u00f4r","og_url":"https:\/\/quintadator.com\/?page_id=1225","og_site_name":"Quinta da T\u00f4r","article_publisher":"https:\/\/www.facebook.com\/quintadator\/","article_modified_time":"2026-01-19T17:25:39+00:00","og_image":[{"width":460,"height":500,"url":"https:\/\/quintadator.com\/wp-content\/uploads\/2015\/04\/logowebtransp2.png","type":"image\/png"}],"twitter_card":"summary_large_image","twitter_misc":{"Tempo estimado de leitura":"1 minuto"},"schema":{"@context":"https:\/\/schema.org","@graph":[{"@type":"WebPage","@id":"https:\/\/quintadator.com\/?page_id=1225","url":"https:\/\/quintadator.com\/?page_id=1225","name":"Contactos | Quinta da T\u00f4r","isPartOf":{"@id":"https:\/\/quintadator.com\/#website"},"datePublished":"2017-11-15T15:41:30+00:00","dateModified":"2026-01-19T17:25:39+00:00","breadcrumb":{"@id":"https:\/\/quintadator.com\/?page_id=1225#breadcrumb"},"inLanguage":"pt-PT","potentialAction":[{"@type":"ReadAction","target":["https:\/\/quintadator.com\/?page_id=1225"]}]},{"@type":"BreadcrumbList","@id":"https:\/\/quintadator.com\/?page_id=1225#breadcrumb","itemListElement":[{"@type":"ListItem","position":1,"name":"In\u00edcio","item":"https:\/\/quintadator.com\/"},{"@type":"ListItem","position":2,"name":"Contactos"}]},{"@type":"WebSite","@id":"https:\/\/quintadator.com\/#website","url":"https:\/\/quintadator.com\/","name":"Quinta da T\u00f4r","description":"Vinho Regional Algarve","publisher":{"@id":"https:\/\/quintadator.com\/#organization"},"potentialAction":[{"@type":"SearchAction","target":{"@type":"EntryPoint","urlTemplate":"https:\/\/quintadator.com\/?s={search_term_string}"},"query-input":{"@type":"PropertyValueSpecification","valueRequired":true,"valueName":"search_term_string"}}],"inLanguage":"pt-PT"},{"@type":"Organization","@id":"https:\/\/quintadator.com\/#organization","name":"Quinta da T\u00f4r","url":"https:\/\/quintadator.com\/","logo":{"@type":"ImageObject","inLanguage":"pt-PT","@id":"https:\/\/quintadator.com\/#\/schema\/logo\/image\/","url":"http:\/\/quintadator.com\/wp-content\/uploads\/2015\/04\/logowebtransp2.png","contentUrl":"http:\/\/quintadator.com\/wp-content\/uploads\/2015\/04\/logowebtransp2.png","width":460,"height":500,"caption":"Quinta da T\u00f4r"},"image":{"@id":"https:\/\/quintadator.com\/#\/schema\/logo\/image\/"},"sameAs":["https:\/\/www.facebook.com\/quintadator\/"]}]}},"_links":{"self":[{"href":"https:\/\/quintadator.com\/index.php?rest_route=\/wp\/v2\/pages\/1225","targetHints":{"allow":["GET"]}}],"collection":[{"href":"https:\/\/quintadator.com\/index.php?rest_route=\/wp\/v2\/pages"}],"about":[{"href":"https:\/\/quintadator.com\/index.php?rest_route=\/wp\/v2\/types\/page"}],"author":[{"embeddable":true,"href":"https:\/\/quintadator.com\/index.php?rest_route=\/wp\/v2\/users\/1"}],"replies":[{"embeddable":true,"href":"https:\/\/quintadator.com\/index.php?rest_route=%2Fwp%2Fv2%2Fcomments&post=1225"}],"version-history":[{"count":150,"href":"https:\/\/quintadator.com\/index.php?rest_route=\/wp\/v2\/pages\/1225\/revisions"}],"predecessor-version":[{"id":7855,"href":"https:\/\/quintadator.com\/index.php?rest_route=\/wp\/v2\/pages\/1225\/revisions\/7855"}],"wp:attachment":[{"href":"https:\/\/quintadator.com\/index.php?rest_route=%2Fwp%2Fv2%2Fmedia&parent=1225"}],"curies":[{"name":"wp","href":"https:\/\/api.w.org\/{rel}","templated":true}]}}